{"id":2217,"date":"2017-10-30T06:45:51","date_gmt":"2017-10-30T06:45:51","guid":{"rendered":"https:\/\/sourceomega.com\/realisations\/"},"modified":"2021-04-20T13:51:46","modified_gmt":"2021-04-20T17:51:46","slug":"achievements","status":"publish","type":"page","link":"https:\/\/sourceomega.com\/en\/achievements\/","title":{"rendered":"Achievements"},"content":{"rendered":"<div class=\"wpb-content-wrapper\"><p>[vc_row][vc_column width=&#8221;1\/2&#8243;][ultimate_heading main_heading=&#8221;Achievements&#8221; alignment=&#8221;left&#8221; el_class=&#8221;so-heading-lv2&#8243; sub_heading_margin=&#8221;margin-bottom:2em;&#8221; main_heading_margin=&#8221;margin-bottom:1em;&#8221;][\/ultimate_heading][vc_column_text]Source Omega provides high-quality water fountains and dispensers to companies of all sizes, governmental organizations, schools and more.<\/p>\n<p>Our filtration system provides pure and great-tasting water, free of pollutants such as chlorine, lead and bacteria.<\/p>\n<p>Our stainless steel tanks provides you with refreshed water without aftertaste. Combined with our 7-year warranty, you can be assured you have made the best choice for you and your business when choosing Source Omega products![\/vc_column_text][vc_btn title=&#8221;Contact us&#8221; style=&#8221;classic&#8221; shape=&#8221;square&#8221; color=&#8221;primary&#8221; align=&#8221;left&#8221; el_class=&#8221;button-so&#8221; link=&#8221;url:https%3A%2F%2Fsourceomega.com%2Fen%2Fcontact-us%2F|||&#8221;][\/vc_column][vc_column width=&#8221;1\/2&#8243;][vc_empty_space height=&#8221;75px&#8221;][vc_media_grid style=&#8221;pagination&#8221; items_per_page=&#8221;8&#8243; element_width=&#8221;3&#8243; grid_id=&#8221;vc_gid:1587493659013-e0039126-c18a-4&#8243; include=&#8221;7031,7029,7033,7039,328,304,7043,7045,7027,7047,7037,7041,310,329,330,320,332,333,334,7035,316&#8243;][\/vc_column][\/vc_row][vc_row][vc_column width=&#8221;1\/6&#8243;][\/vc_column][vc_column width=&#8221;2\/3&#8243;][ultimate_heading main_heading=&#8221;L\u2019abreuvoir ext\u00e9rieur SO-315 dans la s\u00e9rie Unit\u00e9 9&#8243; heading_tag=&#8221;h4&#8243; el_class=&#8221;so-heading-lv2&#8243; sub_heading_margin=&#8221;margin-bottom:2em;&#8221; main_heading_margin=&#8221;margin-bottom:1em;&#8221;][\/ultimate_heading][vc_video link=&#8221;https:\/\/youtu.be\/vOYEnfFTNgI&#8221; align=&#8221;center&#8221;][\/vc_column][vc_column width=&#8221;1\/6&#8243;][\/vc_column][\/vc_row]<\/p>\n<\/div>","protected":false},"excerpt":{"rendered":"<p>[vc_row][vc_column width=&#8221;1\/2&#8243;][ultimate_heading main_heading=&#8221;Achievements&#8221; alignment=&#8221;left&#8221; el_class=&#8221;so-heading-lv2&#8243; sub_heading_margin=&#8221;margin-bottom:2em;&#8221; main_heading_margin=&#8221;margin-bottom:1em;&#8221;][\/ultimate_heading][vc_column_text]Source Omega provides high-quality water fountains and dispensers to companies of all sizes, governmental organizations, schools and more. Our filtration system provides pure and great-tasting water, free of pollutants such as chlorine, lead and bacteria. Our stainless steel tanks provides you with refreshed water without aftertaste. Combined with our&hellip;<\/p>\n","protected":false},"author":4,"featured_media":0,"parent":0,"menu_order":0,"comment_status":"closed","ping_status":"closed","template":"","meta":{"_acf_changed":false,"footnotes":""},"class_list":["post-2217","page","type-page","status-publish","hentry"],"acf":[],"yoast_head":"<!-- This site is optimized with the Yoast SEO plugin v26.6 - https:\/\/yoast.com\/wordpress\/plugins\/seo\/ -->\n<title>Achievements - Source Omega<\/title>\n<meta name=\"robots\" content=\"index, follow, max-snippet:-1, max-image-preview:large, max-video-preview:-1\" \/>\n<link rel=\"canonical\" href=\"https:\/\/sourceomega.com\/en\/achievements\/\" \/>\n<meta property=\"og:locale\" content=\"en_US\" \/>\n<meta property=\"og:type\" content=\"article\" \/>\n<meta property=\"og:title\" content=\"Achievements - Source Omega\" \/>\n<meta property=\"og:description\" content=\"[vc_row][vc_column width=&#8221;1\/2&#8243;][ultimate_heading main_heading=&#8221;Achievements&#8221; alignment=&#8221;left&#8221; el_class=&#8221;so-heading-lv2&#8243; sub_heading_margin=&#8221;margin-bottom:2em;&#8221; main_heading_margin=&#8221;margin-bottom:1em;&#8221;][\/ultimate_heading][vc_column_text]Source Omega provides high-quality water fountains and dispensers to companies of all sizes, governmental organizations, schools and more. Our filtration system provides pure and great-tasting water, free of pollutants such as chlorine, lead and bacteria. Our stainless steel tanks provides you with refreshed water without aftertaste. Combined with our&hellip;\" \/>\n<meta property=\"og:url\" content=\"https:\/\/sourceomega.com\/en\/achievements\/\" \/>\n<meta property=\"og:site_name\" content=\"Source Omega\" \/>\n<meta property=\"article:publisher\" content=\"https:\/\/www.facebook.com\/SourceOmegaInc\" \/>\n<meta property=\"article:modified_time\" content=\"2021-04-20T17:51:46+00:00\" \/>\n<meta name=\"twitter:card\" content=\"summary_large_image\" \/>\n<meta name=\"twitter:label1\" content=\"Est. reading time\" \/>\n\t<meta name=\"twitter:data1\" content=\"1 minute\" \/>\n<script type=\"application\/ld+json\" class=\"yoast-schema-graph\">{\"@context\":\"https:\/\/schema.org\",\"@graph\":[{\"@type\":\"WebPage\",\"@id\":\"https:\/\/sourceomega.com\/en\/achievements\/\",\"url\":\"https:\/\/sourceomega.com\/en\/achievements\/\",\"name\":\"Achievements - Source Omega\",\"isPartOf\":{\"@id\":\"https:\/\/sourceomega.com\/#website\"},\"datePublished\":\"2017-10-30T06:45:51+00:00\",\"dateModified\":\"2021-04-20T17:51:46+00:00\",\"breadcrumb\":{\"@id\":\"https:\/\/sourceomega.com\/en\/achievements\/#breadcrumb\"},\"inLanguage\":\"en-CA\",\"potentialAction\":[{\"@type\":\"ReadAction\",\"target\":[\"https:\/\/sourceomega.com\/en\/achievements\/\"]}]},{\"@type\":\"BreadcrumbList\",\"@id\":\"https:\/\/sourceomega.com\/en\/achievements\/#breadcrumb\",\"itemListElement\":[{\"@type\":\"ListItem\",\"position\":1,\"name\":\"Home\",\"item\":\"https:\/\/sourceomega.com\/en\/\"},{\"@type\":\"ListItem\",\"position\":2,\"name\":\"Achievements\"}]},{\"@type\":\"WebSite\",\"@id\":\"https:\/\/sourceomega.com\/#website\",\"url\":\"https:\/\/sourceomega.com\/\",\"name\":\"Source Omega\",\"description\":\"Sourceomega\",\"publisher\":{\"@id\":\"https:\/\/sourceomega.com\/#organization\"},\"potentialAction\":[{\"@type\":\"SearchAction\",\"target\":{\"@type\":\"EntryPoint\",\"urlTemplate\":\"https:\/\/sourceomega.com\/?s={search_term_string}\"},\"query-input\":{\"@type\":\"PropertyValueSpecification\",\"valueRequired\":true,\"valueName\":\"search_term_string\"}}],\"inLanguage\":\"en-CA\"},{\"@type\":\"Organization\",\"@id\":\"https:\/\/sourceomega.com\/#organization\",\"name\":\"Source Om\u00e9ga Inc.\",\"url\":\"https:\/\/sourceomega.com\/\",\"logo\":{\"@type\":\"ImageObject\",\"inLanguage\":\"en-CA\",\"@id\":\"https:\/\/sourceomega.com\/#\/schema\/logo\/image\/\",\"url\":\"https:\/\/sourceomega.com\/wp-content\/uploads\/2017\/10\/Logo-SourceOmega-Small.png\",\"contentUrl\":\"https:\/\/sourceomega.com\/wp-content\/uploads\/2017\/10\/Logo-SourceOmega-Small.png\",\"width\":150,\"height\":79,\"caption\":\"Source Om\u00e9ga Inc.\"},\"image\":{\"@id\":\"https:\/\/sourceomega.com\/#\/schema\/logo\/image\/\"},\"sameAs\":[\"https:\/\/www.facebook.com\/SourceOmegaInc\",\"https:\/\/www.linkedin.com\/company\/source-om\u00e9ga-inc-?trk=biz-companies-cym\"]}]}<\/script>\n<!-- \/ Yoast SEO plugin. -->","yoast_head_json":{"title":"Achievements - Source Omega","robots":{"index":"index","follow":"follow","max-snippet":"max-snippet:-1","max-image-preview":"max-image-preview:large","max-video-preview":"max-video-preview:-1"},"canonical":"https:\/\/sourceomega.com\/en\/achievements\/","og_locale":"en_US","og_type":"article","og_title":"Achievements - Source Omega","og_description":"[vc_row][vc_column width=&#8221;1\/2&#8243;][ultimate_heading main_heading=&#8221;Achievements&#8221; alignment=&#8221;left&#8221; el_class=&#8221;so-heading-lv2&#8243; sub_heading_margin=&#8221;margin-bottom:2em;&#8221; main_heading_margin=&#8221;margin-bottom:1em;&#8221;][\/ultimate_heading][vc_column_text]Source Omega provides high-quality water fountains and dispensers to companies of all sizes, governmental organizations, schools and more. Our filtration system provides pure and great-tasting water, free of pollutants such as chlorine, lead and bacteria. Our stainless steel tanks provides you with refreshed water without aftertaste. Combined with our&hellip;","og_url":"https:\/\/sourceomega.com\/en\/achievements\/","og_site_name":"Source Omega","article_publisher":"https:\/\/www.facebook.com\/SourceOmegaInc","article_modified_time":"2021-04-20T17:51:46+00:00","twitter_card":"summary_large_image","twitter_misc":{"Est. reading time":"1 minute"},"schema":{"@context":"https:\/\/schema.org","@graph":[{"@type":"WebPage","@id":"https:\/\/sourceomega.com\/en\/achievements\/","url":"https:\/\/sourceomega.com\/en\/achievements\/","name":"Achievements - Source Omega","isPartOf":{"@id":"https:\/\/sourceomega.com\/#website"},"datePublished":"2017-10-30T06:45:51+00:00","dateModified":"2021-04-20T17:51:46+00:00","breadcrumb":{"@id":"https:\/\/sourceomega.com\/en\/achievements\/#breadcrumb"},"inLanguage":"en-CA","potentialAction":[{"@type":"ReadAction","target":["https:\/\/sourceomega.com\/en\/achievements\/"]}]},{"@type":"BreadcrumbList","@id":"https:\/\/sourceomega.com\/en\/achievements\/#breadcrumb","itemListElement":[{"@type":"ListItem","position":1,"name":"Home","item":"https:\/\/sourceomega.com\/en\/"},{"@type":"ListItem","position":2,"name":"Achievements"}]},{"@type":"WebSite","@id":"https:\/\/sourceomega.com\/#website","url":"https:\/\/sourceomega.com\/","name":"Source Omega","description":"Sourceomega","publisher":{"@id":"https:\/\/sourceomega.com\/#organization"},"potentialAction":[{"@type":"SearchAction","target":{"@type":"EntryPoint","urlTemplate":"https:\/\/sourceomega.com\/?s={search_term_string}"},"query-input":{"@type":"PropertyValueSpecification","valueRequired":true,"valueName":"search_term_string"}}],"inLanguage":"en-CA"},{"@type":"Organization","@id":"https:\/\/sourceomega.com\/#organization","name":"Source Om\u00e9ga Inc.","url":"https:\/\/sourceomega.com\/","logo":{"@type":"ImageObject","inLanguage":"en-CA","@id":"https:\/\/sourceomega.com\/#\/schema\/logo\/image\/","url":"https:\/\/sourceomega.com\/wp-content\/uploads\/2017\/10\/Logo-SourceOmega-Small.png","contentUrl":"https:\/\/sourceomega.com\/wp-content\/uploads\/2017\/10\/Logo-SourceOmega-Small.png","width":150,"height":79,"caption":"Source Om\u00e9ga Inc."},"image":{"@id":"https:\/\/sourceomega.com\/#\/schema\/logo\/image\/"},"sameAs":["https:\/\/www.facebook.com\/SourceOmegaInc","https:\/\/www.linkedin.com\/company\/source-om\u00e9ga-inc-?trk=biz-companies-cym"]}]}},"_links":{"self":[{"href":"https:\/\/sourceomega.com\/en\/wp-json\/wp\/v2\/pages\/2217","targetHints":{"allow":["GET"]}}],"collection":[{"href":"https:\/\/sourceomega.com\/en\/wp-json\/wp\/v2\/pages"}],"about":[{"href":"https:\/\/sourceomega.com\/en\/wp-json\/wp\/v2\/types\/page"}],"author":[{"embeddable":true,"href":"https:\/\/sourceomega.com\/en\/wp-json\/wp\/v2\/users\/4"}],"replies":[{"embeddable":true,"href":"https:\/\/sourceomega.com\/en\/wp-json\/wp\/v2\/comments?post=2217"}],"version-history":[{"count":0,"href":"https:\/\/sourceomega.com\/en\/wp-json\/wp\/v2\/pages\/2217\/revisions"}],"wp:attachment":[{"href":"https:\/\/sourceomega.com\/en\/wp-json\/wp\/v2\/media?parent=2217"}],"curies":[{"name":"wp","href":"https:\/\/api.w.org\/{rel}","templated":true}]}}